{"id":26,"date":"2020-09-01T14:29:12","date_gmt":"2020-09-01T14:29:12","guid":{"rendered":"http:\/\/www.redestiempolibremurcia.es\/?page_id=26"},"modified":"2021-12-29T11:23:25","modified_gmt":"2021-12-29T11:23:25","slug":"que-es","status":"publish","type":"page","link":"https:\/\/www.redestiempolibremurcia.es\/?page_id=26","title":{"rendered":"\u00bfQu\u00e9 es?"},"content":{"rendered":"\t\t<div data-elementor-type=\"wp-page\" data-elementor-id=\"26\" class=\"elementor elementor-26\">\n\t\t\t\t\t\t<section class=\"elementor-section elementor-top-section elementor-element elementor-element-26986cee elementor-section-boxed elementor-section-height-default elementor-section-height-default\" data-id=\"26986cee\" data-element_type=\"section\">\n\t\t\t\t\t\t<div class=\"elementor-container elementor-column-gap-default\">\n\t\t\t\t\t<div class=\"elementor-column elementor-col-100 elementor-top-column elementor-element elementor-element-e798772\" data-id=\"e798772\" data-element_type=\"column\">\n\t\t\t<div class=\"elementor-widget-wrap elementor-element-populated\">\n\t\t\t\t\t\t<div class=\"elementor-element elementor-element-4202b89e elementor-widget elementor-widget-text-editor\" data-id=\"4202b89e\" data-element_type=\"widget\" data-widget_type=\"text-editor.default\">\n\t\t\t\t<div class=\"elementor-widget-container\">\n\t\t\t\t\t\t\t\t\t\n<p>\u00bfQu\u00e9 es el programa Redes?<\/p>\n\n\n\n<p>El Programa Redes es una iniciativa de la Concejal\u00eda de Juventud del Ayuntamiento de Murcia, gestionado por Salzillo Servicios Integrales, destinado a los j\u00f3venes de 12 a 30 a\u00f1os del municipio de Murcia.<\/p>\n\n\n\n<p>El objetivo del Programa Redes es dinamizar los fines de semana a trav\u00e9s de una serie de actividades de ocio y tiempo libre, todas ellas gratuitas, en las cuales los j\u00f3venes pueden participar. La programaci\u00f3n se caracteriza por una gran diversidad de actividades l\u00fadicas, deportivas, culturales, solidarias y saludables, desarrollando un ocio por y para todos.<\/p>\n\n\n\n<p><strong>CONDICIONES GENERALES DE PARTICIPACI\u00d3N EN TODAS LAS ACTIVIDADES<\/strong><\/p>\n\n\n\n<p>Podr\u00e1n participar en las actividades j\u00f3venes entre 12 y 30 a\u00f1os, empadronados o que residen en el municipio de Murcia.<\/p>\n\n\n\n<p>Las plazas se adjudicar\u00e1n por riguroso orden de inscripci\u00f3n.<\/p>\n\n\n\n<p>La coordinaci\u00f3n del programa se reserva el derecho a la suspensi\u00f3n de la actividad por condiciones  adversas al buen desarrollo de la actividad.<\/p>\n\n\n\n<p>El programa no se responsabiliza en caso de accidente por incumplimiento por parte del participante de las normas dictadas por los monitores para el buen desarrollo de la actividad.<\/p>\n\n\n\n<p>Una vez cubiertas las plazas de la actividad se abrir\u00e1 una lista de espera.<\/p>\n\n\n\n<p>La actividad estar\u00e1 cubierta con los seguros correspondientes, contando con la presencia de los correspondientes monitores especializados de las actividades programadas.<\/p>\n\n\n\n<p>En caso de ser menor de edad, el padre\/madre o tutor\/a del joven deber\u00e1 rellenar la autorizaci\u00f3n, adjuntando fotocopia del D.N.I del participante y del tutor\/a o padre\/madre que autoriza la participaci\u00f3n del menor de edad.<\/p>\n\n\n\n<p>Si la persona joven que si inscribe es mayor de edad, es obligatorio adjuntar su D.N.I. , N.I.E. o similar<\/p>\n\n\n\n<p>Las inscripciones se realizar\u00e1n a trav\u00e9s de nuestra web www.redestiempolibremurcia.es, rellenando el formulario de inscripci\u00f3n.<\/p>\n\n\n\n<p>Pueden obtener m\u00e1s informaci\u00f3n en la oficina del Programa Redes, <a href=\"https:\/\/goo.gl\/maps\/5dcpzjPNY1kuieBY8\">Calle Plano de San Francisco, 4. 30004 Murci<\/a>a, Tel\u00e9fono 968 11 20 50 o en nuestro email: <a href=\"mailto:redesmurcia@salzillosi.com\">redesmurcia@salzillosi.com<\/a>.<\/p>\n\t\t\t\t\t\t\t\t<\/div>\n\t\t\t\t<\/div>\n\t\t\t\t\t<\/div>\n\t\t<\/div>\n\t\t\t\t\t<\/div>\n\t\t<\/section>\n\t\t\t\t<section class=\"elementor-section elementor-top-section elementor-element elementor-element-75a7200 elementor-section-boxed elementor-section-height-default elementor-section-height-default\" data-id=\"75a7200\" data-element_type=\"section\" data-settings=\"{&quot;background_background&quot;:&quot;gradient&quot;}\">\n\t\t\t\t\t\t<div class=\"elementor-container elementor-column-gap-default\">\n\t\t\t\t\t<div class=\"elementor-column elementor-col-100 elementor-top-column elementor-element elementor-element-9f69228\" data-id=\"9f69228\" data-element_type=\"column\">\n\t\t\t<div class=\"elementor-widget-wrap elementor-element-populated\">\n\t\t\t\t\t\t<div class=\"elementor-element elementor-element-e992f80 elementor-widget elementor-widget-text-editor\" data-id=\"e992f80\" data-element_type=\"widget\" data-widget_type=\"text-editor.default\">\n\t\t\t\t<div class=\"elementor-widget-container\">\n\t\t\t\t\t\t\t\t\t<p style=\"text-align: center;\"><span style=\"color: #ffffff;\"><strong>PRIVACIDAD<\/strong><\/span><\/p>\t\t\t\t\t\t\t\t<\/div>\n\t\t\t\t<\/div>\n\t\t\t\t\t<\/div>\n\t\t<\/div>\n\t\t\t\t\t<\/div>\n\t\t<\/section>\n\t\t\t\t<section class=\"elementor-section elementor-top-section elementor-element elementor-element-48dcf31 elementor-section-boxed elementor-section-height-default elementor-section-height-default\" data-id=\"48dcf31\" data-element_type=\"section\">\n\t\t\t\t\t\t<div class=\"elementor-container elementor-column-gap-default\">\n\t\t\t\t\t<div class=\"elementor-column elementor-col-100 elementor-top-column elementor-element elementor-element-47cd82d\" data-id=\"47cd82d\" data-element_type=\"column\">\n\t\t\t<div class=\"elementor-widget-wrap elementor-element-populated\">\n\t\t\t\t\t\t<div class=\"elementor-element elementor-element-d319ebb elementor-widget elementor-widget-text-editor\" data-id=\"d319ebb\" data-element_type=\"widget\" data-widget_type=\"text-editor.default\">\n\t\t\t\t<div class=\"elementor-widget-container\">\n\t\t\t\t\t\t\t\t\t<p style=\"text-align: center;\"><a href=\"http:\/\/www.redestiempolibremurcia.es\/politica-de-privacidad\/\"><span style=\"color: #000000;\">Pol\u00edtica de Privacidad<\/span><\/a><\/p>\n<p style=\"text-align: center;\"><a href=\"http:\/\/www.redestiempolibremurcia.es\/aviso-legal\/\"><span style=\"color: #000000;\">Aviso Legal<\/span><\/a><\/p>\n<p style=\"text-align: center;\"><a href=\"http:\/\/www.redestiempolibremurcia.es\/politica-de-cookies\/\">Pol\u00edtica de Cookies<\/a><\/p>\n<p style=\"text-align: center;\"><a href=\"https:\/\/alternatecno.es\/images\/igualdad_servicios.html\"><span style=\"color: #000000;\">Pol\u00edtica de Igualdad<\/span><\/a><\/p>\n<p style=\"text-align: center;\"><a href=\"https:\/\/alternatecno.es\/images\/calidad_servicios.html\"><span style=\"color: #000000;\">Pol\u00edtica de Calidad y Medioambiente<\/span><\/a><\/p>\t\t\t\t\t\t\t\t<\/div>\n\t\t\t\t<\/div>\n\t\t\t\t\t<\/div>\n\t\t<\/div>\n\t\t\t\t\t<\/div>\n\t\t<\/section>\n\t\t\t\t<\/div>\n\t\t","protected":false},"excerpt":{"rendered":"<p>\u00bfQu\u00e9 es el programa Redes? El Programa Redes es una iniciativa de la Concejal\u00eda de Juventud del Ayuntamiento de Murcia, gestionado por Salzillo Servicios Integrales, destinado a los j\u00f3venes de 12 a 30 a\u00f1os del municipio de Murcia. El objetivo del Programa Redes es dinamizar los fines de semana a trav\u00e9s de una serie de [&hellip;]<\/p>\n","protected":false},"author":1,"featured_media":0,"parent":0,"menu_order":0,"comment_status":"closed","ping_status":"closed","template":"","meta":{"_eb_attr":"","footnotes":""},"class_list":["post-26","page","type-page","status-publish","hentry"],"_links":{"self":[{"href":"https:\/\/www.redestiempolibremurcia.es\/index.php?rest_route=\/wp\/v2\/pages\/26","targetHints":{"allow":["GET"]}}],"collection":[{"href":"https:\/\/www.redestiempolibremurcia.es\/index.php?rest_route=\/wp\/v2\/pages"}],"about":[{"href":"https:\/\/www.redestiempolibremurcia.es\/index.php?rest_route=\/wp\/v2\/types\/page"}],"author":[{"embeddable":true,"href":"https:\/\/www.redestiempolibremurcia.es\/index.php?rest_route=\/wp\/v2\/users\/1"}],"replies":[{"embeddable":true,"href":"https:\/\/www.redestiempolibremurcia.es\/index.php?rest_route=%2Fwp%2Fv2%2Fcomments&post=26"}],"version-history":[{"count":11,"href":"https:\/\/www.redestiempolibremurcia.es\/index.php?rest_route=\/wp\/v2\/pages\/26\/revisions"}],"predecessor-version":[{"id":3025,"href":"https:\/\/www.redestiempolibremurcia.es\/index.php?rest_route=\/wp\/v2\/pages\/26\/revisions\/3025"}],"wp:attachment":[{"href":"https:\/\/www.redestiempolibremurcia.es\/index.php?rest_route=%2Fwp%2Fv2%2Fmedia&parent=26"}],"curies":[{"name":"wp","href":"https:\/\/api.w.org\/{rel}","templated":true}]}}