{"id":28,"date":"2020-09-01T14:29:41","date_gmt":"2020-09-01T14:29:41","guid":{"rendered":"http:\/\/www.redestiempolibremurcia.es\/?page_id=28"},"modified":"2026-04-14T14:15:31","modified_gmt":"2026-04-14T14:15:31","slug":"contacta","status":"publish","type":"page","link":"https:\/\/www.redestiempolibremurcia.es\/?page_id=28","title":{"rendered":"Contacta"},"content":{"rendered":"\t\t<div data-elementor-type=\"wp-page\" data-elementor-id=\"28\" class=\"elementor elementor-28\">\n\t\t\t\t\t\t<section class=\"elementor-section elementor-top-section elementor-element elementor-element-7534080 elementor-section-boxed elementor-section-height-default elementor-section-height-default\" data-id=\"7534080\" data-element_type=\"section\">\n\t\t\t\t\t\t<div class=\"elementor-container elementor-column-gap-default\">\n\t\t\t\t\t<div class=\"elementor-column elementor-col-100 elementor-top-column elementor-element elementor-element-492c609\" data-id=\"492c609\" data-element_type=\"column\">\n\t\t\t<div class=\"elementor-widget-wrap elementor-element-populated\">\n\t\t\t\t\t\t<div class=\"elementor-element elementor-element-7a00b5f3 elementor-widget elementor-widget-text-editor\" data-id=\"7a00b5f3\" data-element_type=\"widget\" data-widget_type=\"text-editor.default\">\n\t\t\t\t<div class=\"elementor-widget-container\">\n\t\t\t\t\t\t\t\t\t<p style=\"text-align: center;\"><strong>Oficina:<\/strong><br \/>Calle Urugay\u00a0 (Edificio Magalia). San Gin\u00e9s.\u00a0 Murcia<\/p>\n<p><!-- \/wp:paragraph --><\/p>\n<p><!-- wp:html --><\/p>\n<p>\u00a0<\/p>\n<p><!-- \/wp:html --><\/p>\n<p><!-- wp:paragraph --><\/p>\n<p><strong>Ll\u00e1manos:<\/strong><\/p>\n<h4><span style=\"color: #800080;\"><strong>Tel\u00e9fono:<\/strong><\/span><\/h4>\n<h4><span style=\"color: #800080;\"><strong>968 11 20 50<\/strong><\/span><\/h4>\n<h4><span style=\"color: #800080;\"><strong>lunes a jueves (16:00 a 19:00):<\/strong><\/span><\/h4>\n<p><!-- \/wp:paragraph --><\/p>\n<p><!-- wp:paragraph --><\/p>\n<p><!-- \/wp:paragraph --><\/p>\n<p><!-- wp:paragraph --><\/p>\n<h4>\u00a0<\/h4>\n<p><strong>O <a href=\"mailto:redesmurcia@salzillosi.com\">escr\u00edbenos<\/a>\u00a0<a href=\"mailto:redesmurcia@salzillosi.com\">redesmurcia@salzillosi.com<\/a>\u00a0<\/strong><\/p>\n<p>\u00a0<\/p>\n<p>\u201cInformaci\u00f3n b\u00e1sica sobre Protecci\u00f3n de Datos. Responsable Salzillo Servicios Integrales, S.L.U, Finalidad del tratamiento: gestionar su consulta\/solicitud, env\u00edo de informaci\u00f3n v\u00eda electr\u00f3nica y su posterior seguimiento comercial. Legitimaci\u00f3n: su consentimiento expreso al remitirnos este formulario (RGPD 6.1.a), no ser\u00e1n cedidos a terceros y se eliminar\u00e1n tras resolver su consulta\/solicitud, salvo obligaci\u00f3n legal. Puede ejercitar los derechos de acceso, rectificaci\u00f3n, supresi\u00f3n, portabilidad, limitaci\u00f3n y oposici\u00f3n, y revocar su consentimiento dirigi\u00e9ndose a: redesmurcia@salzillosi.com<\/p>\n<p><strong>\u00a0<\/strong><\/p>\n<p>\u00a0<\/p>\n<p><!-- \/wp:shortcode --><\/p>\n<p>\u00a0<\/p>\t\t\t\t\t\t\t\t<\/div>\n\t\t\t\t<\/div>\n\t\t\t\t\t<\/div>\n\t\t<\/div>\n\t\t\t\t\t<\/div>\n\t\t<\/section>\n\t\t\t\t<\/div>\n\t\t","protected":false},"excerpt":{"rendered":"<p>Oficina:Calle Urugay\u00a0 (Edificio Magalia). San Gin\u00e9s.\u00a0 Murcia \u00a0 Ll\u00e1manos: Tel\u00e9fono: 968 11 20 50 lunes a jueves (16:00 a 19:00): \u00a0 O escr\u00edbenos\u00a0redesmurcia@salzillosi.com\u00a0 \u00a0 \u201cInformaci\u00f3n b\u00e1sica sobre Protecci\u00f3n de Datos. Responsable Salzillo Servicios Integrales, S.L.U, Finalidad del tratamiento: gestionar su consulta\/solicitud, env\u00edo de informaci\u00f3n v\u00eda electr\u00f3nica y su posterior seguimiento comercial. Legitimaci\u00f3n: su consentimiento expreso [&hellip;]<\/p>\n","protected":false},"author":1,"featured_media":0,"parent":0,"menu_order":0,"comment_status":"closed","ping_status":"closed","template":"","meta":{"_eb_attr":"","footnotes":""},"class_list":["post-28","page","type-page","status-publish","hentry"],"_links":{"self":[{"href":"https:\/\/www.redestiempolibremurcia.es\/index.php?rest_route=\/wp\/v2\/pages\/28","targetHints":{"allow":["GET"]}}],"collection":[{"href":"https:\/\/www.redestiempolibremurcia.es\/index.php?rest_route=\/wp\/v2\/pages"}],"about":[{"href":"https:\/\/www.redestiempolibremurcia.es\/index.php?rest_route=\/wp\/v2\/types\/page"}],"author":[{"embeddable":true,"href":"https:\/\/www.redestiempolibremurcia.es\/index.php?rest_route=\/wp\/v2\/users\/1"}],"replies":[{"embeddable":true,"href":"https:\/\/www.redestiempolibremurcia.es\/index.php?rest_route=%2Fwp%2Fv2%2Fcomments&post=28"}],"version-history":[{"count":86,"href":"https:\/\/www.redestiempolibremurcia.es\/index.php?rest_route=\/wp\/v2\/pages\/28\/revisions"}],"predecessor-version":[{"id":8783,"href":"https:\/\/www.redestiempolibremurcia.es\/index.php?rest_route=\/wp\/v2\/pages\/28\/revisions\/8783"}],"wp:attachment":[{"href":"https:\/\/www.redestiempolibremurcia.es\/index.php?rest_route=%2Fwp%2Fv2%2Fmedia&parent=28"}],"curies":[{"name":"wp","href":"https:\/\/api.w.org\/{rel}","templated":true}]}}